{"id":2046,"date":"2016-11-10T11:56:53","date_gmt":"2016-11-10T11:56:53","guid":{"rendered":"http:\/\/klbtheme.com\/act2.x\/?page_id=2046"},"modified":"2021-04-06T14:01:36","modified_gmt":"2021-04-06T14:01:36","slug":"projects-2","status":"publish","type":"page","link":"https:\/\/album-larinascita.ch\/en\/projects-2\/","title":{"rendered":"Projects 2"},"content":{"rendered":"<div class=\"wpb-content-wrapper\"><div data-vc-full-width=\"true\" data-vc-full-width-init=\"false\" data-vc-stretch-content=\"true\" class=\"vc_row wpb_row vc_row-fluid vc_custom_1478808796080 inner-container vc_row-has-fill vc_row-no-padding\"><div class=\"wpb_column vc_column_container vc_col-sm-12\"><div class=\"vc_column-inner\"><div class=\"wpb_wrapper\"><div class=\"klb-title\" style=\"text-align:center\"><h1 style=\"color:#ffffff\">OUR PROJECTS<\/h1><div class=\"accent-rule-short\" style=\"border-top:1px solid rgba(255,255,255,0.35) !important;\"><\/div><h2 style=\"color:#ffffff\"><\/h2><\/div><\/div><\/div><\/div><\/div><div class=\"vc_row-full-width vc_clearfix\"><\/div><div data-vc-full-width=\"true\" data-vc-full-width-init=\"false\" data-vc-stretch-content=\"true\" class=\"vc_row wpb_row vc_row-fluid inner-container overlay-light row-of-columns vc_row-no-padding\"><div class=\"wpb_column vc_column_container vc_col-sm-12\"><div class=\"vc_column-inner\"><div class=\"wpb_wrapper\"><div class=\"js-filters-juicy-projects cbp-l-filters-button cbp-l-filters-alignCenter\"><div data-filter=\"*\" class=\"cbp-filter-item-active cbp-filter-item\">All<div class=\"cbp-filter-counter\"><\/div><\/div><div data-filter=\".helping\" class=\"cbp-filter-item\">Helping <div class=\"cbp-filter-counter\"><\/div><\/div><div data-filter=\".social\" class=\"cbp-filter-item\">Social <div class=\"cbp-filter-counter\"><\/div><\/div><div data-filter=\".volunteer\" class=\"cbp-filter-item\">Volunteer <div class=\"cbp-filter-counter\"><\/div><\/div><\/div><div class=\"js-grid-juicy-projects cbp\"><div class=\"cbp-item volunteer\"><div class=\"cbp-caption\"><div class=\"cbp-caption-defaultWrap\"><img decoding=\"async\" src=\"\" alt=\"Geneva National Anthem\"><\/div><div class=\"cbp-caption-activeWrap\"><div class=\"cbp-l-caption-alignCenter\"><div class=\"cbp-l-caption-body\"><a href=\"https:\/\/album-larinascita.ch\/en\/portfolio\/good-kids\" class=\"cbp-singlePage cbp-l-caption-buttonLeft btn btn-black\">more info<\/a><a href=\"\" class=\"btn btn-black cbp-lightbox cbp-l-caption-buttonRight\" data-title=\"Geneva National Anthem\">view larger<\/a><div class=\"cbp-l-grid-projects-desc\">Geneva National Anthem<\/div><\/div><\/div><\/div><\/div><\/div><div class=\"cbp-item helping\"><div class=\"cbp-caption\"><div class=\"cbp-caption-defaultWrap\"><img decoding=\"async\" src=\"\" alt=\"Helping Children\"><\/div><div class=\"cbp-caption-activeWrap\"><div class=\"cbp-l-caption-alignCenter\"><div class=\"cbp-l-caption-body\"><a href=\"https:\/\/album-larinascita.ch\/en\/portfolio\/helping-children\" class=\"cbp-singlePage cbp-l-caption-buttonLeft btn btn-black\">more info<\/a><a href=\"\" class=\"btn btn-black cbp-lightbox cbp-l-caption-buttonRight\" data-title=\"Helping Children\">view larger<\/a><div class=\"cbp-l-grid-projects-desc\">Helping Children<\/div><\/div><\/div><\/div><\/div><\/div><div class=\"cbp-item social\"><div class=\"cbp-caption\"><div class=\"cbp-caption-defaultWrap\"><img decoding=\"async\" src=\"https:\/\/album-larinascita.ch\/wp-content\/uploads\/2016\/11\/Capture-de\u0301cran-2021-03-23-a\u0300-11.14.31-600x390.jpg\" alt=\"Vid\u00e9os\"><\/div><div class=\"cbp-caption-activeWrap\"><div class=\"cbp-l-caption-alignCenter\"><div class=\"cbp-l-caption-body\"><a href=\"https:\/\/album-larinascita.ch\/en\/portfolio\/save-humanity\" class=\"cbp-singlePage cbp-l-caption-buttonLeft btn btn-black\">more info<\/a><a href=\"https:\/\/album-larinascita.ch\/wp-content\/uploads\/2016\/11\/Capture-de\u0301cran-2021-03-23-a\u0300-11.14.31.jpg\" class=\"btn btn-black cbp-lightbox cbp-l-caption-buttonRight\" data-title=\"Vid\u00e9os\">view larger<\/a><div class=\"cbp-l-grid-projects-desc\">Videos<\/div><\/div><\/div><\/div><\/div><\/div><div class=\"cbp-item social\"><div class=\"cbp-caption\"><div class=\"cbp-caption-defaultWrap\"><img decoding=\"async\" src=\"https:\/\/album-larinascita.ch\/wp-content\/uploads\/2016\/10\/BILLHARZ-Fre\u0301de\u0301ric-Gene\u0300ve-Servette-Gala-2018-600x390.jpg\" alt=\"C\u00e9 qu&rsquo;\u00e8 lain\u00f4\"><\/div><div class=\"cbp-caption-activeWrap\"><div class=\"cbp-l-caption-alignCenter\"><div class=\"cbp-l-caption-body\"><a href=\"https:\/\/album-larinascita.ch\/en\/portfolio\/project-with-video\" class=\"cbp-singlePage cbp-l-caption-buttonLeft btn btn-black\">more info<\/a><a href=\"https:\/\/album-larinascita.ch\/wp-content\/uploads\/2016\/10\/BILLHARZ-Fre\u0301de\u0301ric-Gene\u0300ve-Servette-Gala-2018.jpg\" class=\"btn btn-black cbp-lightbox cbp-l-caption-buttonRight\" data-title=\"C\u00e9 qu&rsquo;\u00e8 lain\u00f4\">view larger<\/a><div class=\"cbp-l-grid-projects-desc\">C\u00e9 qu&rsquo;\u00e8 lain\u00f4<\/div><\/div><\/div><\/div><\/div><\/div><div class=\"cbp-item social\"><div class=\"cbp-caption\"><div class=\"cbp-caption-defaultWrap\"><img decoding=\"async\" src=\"\" alt=\"Social Startups\"><\/div><div class=\"cbp-caption-activeWrap\"><div class=\"cbp-l-caption-alignCenter\"><div class=\"cbp-l-caption-body\"><a href=\"https:\/\/album-larinascita.ch\/en\/portfolio\/social-startups\" class=\"cbp-singlePage cbp-l-caption-buttonLeft btn btn-black\">more info<\/a><a href=\"\" class=\"btn btn-black cbp-lightbox cbp-l-caption-buttonRight\" data-title=\"Social Startups\">view larger<\/a><div class=\"cbp-l-grid-projects-desc\">Social Startups<\/div><\/div><\/div><\/div><\/div><\/div><div class=\"cbp-item social\"><div class=\"cbp-caption\"><div class=\"cbp-caption-defaultWrap\"><img decoding=\"async\" src=\"\" alt=\"Helping Hands\"><\/div><div class=\"cbp-caption-activeWrap\"><div class=\"cbp-l-caption-alignCenter\"><div class=\"cbp-l-caption-body\"><a href=\"https:\/\/album-larinascita.ch\/en\/portfolio\/helping-hands\" class=\"cbp-singlePage cbp-l-caption-buttonLeft btn btn-black\">more info<\/a><a href=\"\" class=\"btn btn-black cbp-lightbox cbp-l-caption-buttonRight\" data-title=\"Helping Hands\">view larger<\/a><div class=\"cbp-l-grid-projects-desc\">Helping Hands<\/div><\/div><\/div><\/div><\/div><\/div><div class=\"cbp-item social\"><div class=\"cbp-caption\"><div class=\"cbp-caption-defaultWrap\"><img decoding=\"async\" src=\"\" alt=\"The Water Project\"><\/div><div class=\"cbp-caption-activeWrap\"><div class=\"cbp-l-caption-alignCenter\"><div class=\"cbp-l-caption-body\"><a href=\"https:\/\/album-larinascita.ch\/en\/portfolio\/the-water-project\" class=\"cbp-singlePage cbp-l-caption-buttonLeft btn btn-black\">more info<\/a><a href=\"\" class=\"btn btn-black cbp-lightbox cbp-l-caption-buttonRight\" data-title=\"The Water Project\">view larger<\/a><div class=\"cbp-l-grid-projects-desc\">The Water Project<\/div><\/div><\/div><\/div><\/div><\/div><div class=\"cbp-item social\"><div class=\"cbp-caption\"><div class=\"cbp-caption-defaultWrap\"><img decoding=\"async\" src=\"\" alt=\"Your Work\"><\/div><div class=\"cbp-caption-activeWrap\"><div class=\"cbp-l-caption-alignCenter\"><div class=\"cbp-l-caption-body\"><a href=\"https:\/\/album-larinascita.ch\/en\/portfolio\/your-work\" class=\"cbp-singlePage cbp-l-caption-buttonLeft btn btn-black\">more info<\/a><a href=\"\" class=\"btn btn-black cbp-lightbox cbp-l-caption-buttonRight\" data-title=\"Your Work\">view larger<\/a><div class=\"cbp-l-grid-projects-desc\">Your Work<\/div><\/div><\/div><\/div><\/div><\/div><\/div><\/div><\/div><\/div><\/div><div class=\"vc_row-full-width vc_clearfix\"><\/div>\n<\/div>","protected":false},"excerpt":{"rendered":"Ullam corper ullamcorper mauris, non auctor eros pretium nec. Aenean fringilla enim purus, a ultrices tortor tempor id. Nam ultricies, neque at consequat luctus, sapien dui tincidunt velit, eu vehicula&hellip;<div class=\"pull-left\"><a href=\"https:\/\/album-larinascita.ch\/en\/portfolio\/your-work\/\" class=\"btn btn-black btn-sm\"><span class=\"read-more\">Read More<\/span><\/a><\/div>","protected":false},"author":2,"featured_media":0,"parent":0,"menu_order":0,"comment_status":"closed","ping_status":"closed","template":"","meta":{"give_campaign_id":0,"footnotes":""},"class_list":["post-2046","page","type-page","status-publish","hentry"],"yoast_head":"<!-- This site is optimized with the Yoast SEO plugin v27.4 - https:\/\/yoast.com\/product\/yoast-seo-wordpress\/ -->\n<title>Projects 2 - Fr\u00e9d\u00e9ric Billharz (crowdfunding)<\/title>\n<meta name=\"robots\" content=\"noindex, follow, max-snippet:-1, max-image-preview:large, max-video-preview:-1\" \/>\n<meta property=\"og:locale\" content=\"en_GB\" \/>\n<meta property=\"og:type\" content=\"article\" \/>\n<meta property=\"og:title\" content=\"Projects 2 - Fr\u00e9d\u00e9ric Billharz (crowdfunding)\" \/>\n<meta property=\"og:url\" content=\"https:\/\/album-larinascita.ch\/en\/projects-2\/\" \/>\n<meta property=\"og:site_name\" content=\"Fr\u00e9d\u00e9ric Billharz (crowdfunding)\" \/>\n<meta property=\"article:modified_time\" content=\"2021-04-06T14:01:36+00:00\" \/>\n<meta name=\"twitter:card\" content=\"summary_large_image\" \/>\n<script type=\"application\/ld+json\" class=\"yoast-schema-graph\">{\"@context\":\"https:\\\/\\\/schema.org\",\"@graph\":[{\"@type\":\"WebPage\",\"@id\":\"https:\\\/\\\/album-larinascita.ch\\\/projects-2\\\/\",\"url\":\"https:\\\/\\\/album-larinascita.ch\\\/projects-2\\\/\",\"name\":\"Projects 2 - Fr\u00e9d\u00e9ric Billharz (crowdfunding)\",\"isPartOf\":{\"@id\":\"https:\\\/\\\/album-larinascita.ch\\\/#website\"},\"datePublished\":\"2016-11-10T11:56:53+00:00\",\"dateModified\":\"2021-04-06T14:01:36+00:00\",\"breadcrumb\":{\"@id\":\"https:\\\/\\\/album-larinascita.ch\\\/projects-2\\\/#breadcrumb\"},\"inLanguage\":\"en-GB\",\"potentialAction\":[{\"@type\":\"ReadAction\",\"target\":[\"https:\\\/\\\/album-larinascita.ch\\\/projects-2\\\/\"]}]},{\"@type\":\"BreadcrumbList\",\"@id\":\"https:\\\/\\\/album-larinascita.ch\\\/projects-2\\\/#breadcrumb\",\"itemListElement\":[{\"@type\":\"ListItem\",\"position\":1,\"name\":\"Home\",\"item\":\"https:\\\/\\\/album-larinascita.ch\\\/\"},{\"@type\":\"ListItem\",\"position\":2,\"name\":\"Projects 2\"}]},{\"@type\":\"WebSite\",\"@id\":\"https:\\\/\\\/album-larinascita.ch\\\/#website\",\"url\":\"https:\\\/\\\/album-larinascita.ch\\\/\",\"name\":\"Fr\u00e9d\u00e9ric Billharz (crowdfunding)\",\"description\":\"\",\"potentialAction\":[{\"@type\":\"SearchAction\",\"target\":{\"@type\":\"EntryPoint\",\"urlTemplate\":\"https:\\\/\\\/album-larinascita.ch\\\/?s={search_term_string}\"},\"query-input\":{\"@type\":\"PropertyValueSpecification\",\"valueRequired\":true,\"valueName\":\"search_term_string\"}}],\"inLanguage\":\"en-GB\"}]}<\/script>\n<!-- \/ Yoast SEO plugin. -->","yoast_head_json":{"title":"Projects 2 - Fr\u00e9d\u00e9ric Billharz (crowdfunding)","robots":{"index":"noindex","follow":"follow","max-snippet":"max-snippet:-1","max-image-preview":"max-image-preview:large","max-video-preview":"max-video-preview:-1"},"og_locale":"en_GB","og_type":"article","og_title":"Projects 2 - Fr\u00e9d\u00e9ric Billharz (crowdfunding)","og_url":"https:\/\/album-larinascita.ch\/en\/projects-2\/","og_site_name":"Fr\u00e9d\u00e9ric Billharz (crowdfunding)","article_modified_time":"2021-04-06T14:01:36+00:00","twitter_card":"summary_large_image","schema":{"@context":"https:\/\/schema.org","@graph":[{"@type":"WebPage","@id":"https:\/\/album-larinascita.ch\/projects-2\/","url":"https:\/\/album-larinascita.ch\/projects-2\/","name":"Projects 2 - Fr\u00e9d\u00e9ric Billharz (crowdfunding)","isPartOf":{"@id":"https:\/\/album-larinascita.ch\/#website"},"datePublished":"2016-11-10T11:56:53+00:00","dateModified":"2021-04-06T14:01:36+00:00","breadcrumb":{"@id":"https:\/\/album-larinascita.ch\/projects-2\/#breadcrumb"},"inLanguage":"en-GB","potentialAction":[{"@type":"ReadAction","target":["https:\/\/album-larinascita.ch\/projects-2\/"]}]},{"@type":"BreadcrumbList","@id":"https:\/\/album-larinascita.ch\/projects-2\/#breadcrumb","itemListElement":[{"@type":"ListItem","position":1,"name":"Home","item":"https:\/\/album-larinascita.ch\/"},{"@type":"ListItem","position":2,"name":"Projects 2"}]},{"@type":"WebSite","@id":"https:\/\/album-larinascita.ch\/#website","url":"https:\/\/album-larinascita.ch\/","name":"Fr\u00e9d\u00e9ric Billharz (crowdfunding)","description":"","potentialAction":[{"@type":"SearchAction","target":{"@type":"EntryPoint","urlTemplate":"https:\/\/album-larinascita.ch\/?s={search_term_string}"},"query-input":{"@type":"PropertyValueSpecification","valueRequired":true,"valueName":"search_term_string"}}],"inLanguage":"en-GB"}]}},"campaignId":"","jetpack_sharing_enabled":true,"_links":{"self":[{"href":"https:\/\/album-larinascita.ch\/en\/wp-json\/wp\/v2\/pages\/2046","targetHints":{"allow":["GET"]}}],"collection":[{"href":"https:\/\/album-larinascita.ch\/en\/wp-json\/wp\/v2\/pages"}],"about":[{"href":"https:\/\/album-larinascita.ch\/en\/wp-json\/wp\/v2\/types\/page"}],"author":[{"embeddable":true,"href":"https:\/\/album-larinascita.ch\/en\/wp-json\/wp\/v2\/users\/2"}],"replies":[{"embeddable":true,"href":"https:\/\/album-larinascita.ch\/en\/wp-json\/wp\/v2\/comments?post=2046"}],"version-history":[{"count":1,"href":"https:\/\/album-larinascita.ch\/en\/wp-json\/wp\/v2\/pages\/2046\/revisions"}],"predecessor-version":[{"id":3111,"href":"https:\/\/album-larinascita.ch\/en\/wp-json\/wp\/v2\/pages\/2046\/revisions\/3111"}],"wp:attachment":[{"href":"https:\/\/album-larinascita.ch\/en\/wp-json\/wp\/v2\/media?parent=2046"}],"curies":[{"name":"wp","href":"https:\/\/api.w.org\/{rel}","templated":true}]}}